{"id":1036,"date":"2025-09-15T17:09:09","date_gmt":"2025-09-15T21:09:09","guid":{"rendered":"https:\/\/newleafperformance.ca\/?page_id=1036"},"modified":"2025-10-01T14:33:22","modified_gmt":"2025-10-01T18:33:22","slug":"webinaires","status":"publish","type":"page","link":"https:\/\/newleafperformance.ca\/fr\/webinaires\/","title":{"rendered":"Webinaires"},"content":{"rendered":"\n<div class=\"wp-block-group alignfull has-light-forest-background-color has-background is-layout-constrained wp-container-core-group-is-layout-6c0cbf42 wp-block-group-is-layout-constrained\" style=\"padding-top:var(--wp--preset--spacing--70);padding-right:var(--wp--preset--spacing--70);padding-bottom:var(--wp--preset--spacing--70);padding-left:var(--wp--preset--spacing--70)\">\n<div style=\"height:100px\" aria-hidden=\"true\" class=\"wp-block-spacer block-visibility-hide-small-screen\"><\/div>\n\n\n<h1 class=\"has-text-align-center wp-block-post-title\">Webinaires<\/h1><\/div>\n\n\n\n<p class=\"has-text-align-center\"><\/p>\n\n\n\n<div style=\"height:10px\" aria-hidden=\"true\" class=\"wp-block-spacer\"><\/div>\n\n\n\n<p class=\"has-text-align-center\">Rejoignez la communaut\u00e9 NewLeaf et am\u00e9liorez la dynamique de votre milieu de travail !<\/p>\n\n\n\n<p class=\"has-text-align-center\">D\u00e9couvrez des id\u00e9es inspirantes qui stimulent le changement et lib\u00e8rent pleinement le potentiel de votre \u00e9quipe\u2026 et le v\u00f4tre.<\/p>\n\n\n\n<div style=\"height:25px\" aria-hidden=\"true\" class=\"wp-block-spacer\"><\/div>\n\n\n\n<p class=\"has-text-align-center\"><\/p>\n\n\n\n<h2 class=\"wp-block-heading\"><strong>Webinaire #1 \u2013 Coh\u00e9rence organisationnelle en p\u00e9riode d\u2019incertitude : \u00ab Mesurer deux fois, couper une fois \u00bb<\/strong><\/h2>\n\n\n\n<div style=\"height:39px\" aria-hidden=\"true\" class=\"wp-block-spacer\"><\/div>\n\n\n\n<div class=\"wp-block-cover\"><span aria-hidden=\"true\" class=\"wp-block-cover__background has-background-dim\"><\/span><img loading=\"lazy\" decoding=\"async\" width=\"683\" height=\"1024\" class=\"wp-block-cover__image-background wp-image-988\" alt=\"\" src=\"https:\/\/newleafperformance.ca\/wp-content\/uploads\/2025\/09\/City-Building-683x1024.jpeg\" data-object-fit=\"cover\" srcset=\"https:\/\/newleafperformance.ca\/wp-content\/uploads\/2025\/09\/City-Building-683x1024.jpeg 683w, https:\/\/newleafperformance.ca\/wp-content\/uploads\/2025\/09\/City-Building-200x300.jpeg 200w, https:\/\/newleafperformance.ca\/wp-content\/uploads\/2025\/09\/City-Building-768x1152.jpeg 768w, https:\/\/newleafperformance.ca\/wp-content\/uploads\/2025\/09\/City-Building-1024x1536.jpeg 1024w, https:\/\/newleafperformance.ca\/wp-content\/uploads\/2025\/09\/City-Building.jpeg 1180w\" sizes=\"auto, (max-width: 683px) 100vw, 683px\" \/><div class=\"wp-block-cover__inner-container is-layout-flow wp-block-cover-is-layout-flow\">\n<p class=\"has-text-align-center has-large-font-size\"><strong>Webinaire #1 \u2013 Coh\u00e9rence organisationnelle en p\u00e9riode d\u2019incertitude : \u00ab Mesurer deux fois, couper une fois \u00bb<\/strong><\/p>\n\n\n\n<p class=\"has-text-align-center has-large-font-size\"><\/p>\n\n\n\n<p class=\"has-text-align-center\">Mercredi le 8 october 2025, \u00e0 12h EST&nbsp;&nbsp;<\/p>\n\n\n\n<p class=\"has-text-align-center\">Anim\u00e9 par : Chloe Waind, Consultante principale chez NewLeaf Performance.<\/p>\n\n\n\n<div class=\"wp-block-columns is-layout-flex wp-container-core-columns-is-layout-28f84493 wp-block-columns-is-layout-flex\">\n<div class=\"wp-block-column is-layout-flow wp-block-column-is-layout-flow\" style=\"flex-basis:100%\"><\/div>\n<\/div>\n<\/div><\/div>\n\n\n\n<div class=\"wp-block-buttons is-content-justification-center is-layout-flex wp-container-core-buttons-is-layout-a89b3969 wp-block-buttons-is-layout-flex\">\n<div class=\"wp-block-button\"><a class=\"wp-block-button__link has-text-align-center wp-element-button\" href=\"https:\/\/webinar.getresponse.com\/VAXwZ\/webinar1\/?_gl=1*yatkot*_gcl_au*MTMzOTk0MTMwOS4xNzU3NjM1Nzk1LjE1NjcyNTQ4OTUuMTc1NzY5Mzc3Ni4xNzU3NjkzNzc2*_ga*NjI5MDkzMTI3LjE3NTc2MzU3OTM.*_ga_EQ6LD9QEJB*czE3NTc3MDEzOTgkbzM3JGcxJHQxNzU3NzAxODkxJGo1OSRsMSRoMTQwODc2MzQ5NA..\">Inscrivez-vous ici<\/a><\/div>\n<\/div>\n\n\n\n<p>Alors que les organisations font face \u00e0 de nouvelles pressions financi\u00e8res, le d\u00e9fi ne consiste pas seulement \u00e0 r\u00e9duire les co\u00fbts, mais \u00e0 le faire de mani\u00e8re \u00e0 pr\u00e9server, voire renforcer, la qualit\u00e9 des services et la sant\u00e9 organisationnelle. Cette session pr\u00e9sentera une approche pratique d\u2019optimisation des ressources qui va au-del\u00e0 des r\u00e9ductions uniformes.&nbsp;<\/p>\n\n\n\n<p>Nous explorerons :&nbsp;<\/p>\n\n\n\n<p>\u2022 Comment utiliser notre Indice de coh\u00e9rence pour identifier les zones d\u2019inefficacit\u00e9 ou de fragilit\u00e9.&nbsp;<\/p>\n\n\n\n<p>\u2022 Des approches pour r\u00e9allouer les ressources tout en prot\u00e9geant les capacit\u00e9s critiques et en am\u00e9liorant l\u2019efficacit\u00e9.&nbsp;<\/p>\n\n\n\n<p>\u2022 Un exemple de cas appliquant le mod\u00e8le \u00e0 un sc\u00e9nario de r\u00e9duction de 5 %.&nbsp;<\/p>\n\n\n\n<p>\u2022 Une d\u00e9monstration en direct du Calculateur d\u2019indice de coh\u00e9rence NewLeaf, pour montrer comment les dirigeants peuvent rapidement rep\u00e9rer les risques et les opportunit\u00e9s dans leurs branches.&nbsp;<\/p>\n\n\n\n<p>La session est con\u00e7ue comme une discussion interactive entre pairs. La participation sera limit\u00e9e \u00e0 un groupe restreint de directeurs g\u00e9n\u00e9raux, DRH et cadres financiers sup\u00e9rieurs, afin de favoriser un \u00e9change cibl\u00e9 de perspectives.&nbsp;<\/p>\n\n\n\n<div style=\"height:12px\" aria-hidden=\"true\" class=\"wp-block-spacer\"><\/div>\n\n\n\n<hr class=\"wp-block-separator has-alpha-channel-opacity\" \/>\n\n\n\n<div class=\"wp-block-group alignfull has-light-avocado-background-color has-background is-layout-constrained wp-container-core-group-is-layout-1665d594 wp-block-group-is-layout-constrained\" style=\"margin-top:var(--wp--preset--spacing--80);margin-bottom:var(--wp--preset--spacing--80);padding-top:var(--wp--preset--spacing--60);padding-right:var(--wp--preset--spacing--30);padding-bottom:var(--wp--preset--spacing--60);padding-left:var(--wp--preset--spacing--30)\"><\/div>\n\n\n\n<hr class=\"wp-block-separator has-alpha-channel-opacity\" \/>\n\n\n\n<h2 class=\"wp-block-heading has-text-align-center\">Des questions? <br>Nos consultantes sont l\u00e0 pour vous aider !<\/h2>\n\n\n\n<div class=\"wp-block-buttons is-content-justification-center is-layout-flex wp-container-core-buttons-is-layout-a89b3969 wp-block-buttons-is-layout-flex\">\n<div class=\"wp-block-button\"><a class=\"wp-block-button__link wp-element-button\" href=\"https:\/\/newleafperformance.ca\/contact\/\">Contactez-nous<\/a><\/div>\n<\/div>\n","protected":false},"excerpt":{"rendered":"<p>Rejoignez la communaut\u00e9 NewLeaf et am\u00e9liorez la dynamique de votre milieu de travail ! D\u00e9couvrez des id\u00e9es inspirantes qui stimulent le changement et lib\u00e8rent pleinement le potentiel de votre \u00e9quipe\u2026 [&hellip;]<\/p>\n","protected":false},"author":6,"featured_media":0,"parent":0,"menu_order":0,"comment_status":"closed","ping_status":"closed","template":"","meta":{"footnotes":""},"class_list":["post-1036","page","type-page","status-publish","hentry"],"yoast_head":"<!-- This site is optimized with the Yoast SEO plugin v27.4 - https:\/\/yoast.com\/product\/yoast-seo-wordpress\/ -->\n<title>Webinaires - NewLeaf Performance<\/title>\n<meta name=\"robots\" content=\"index, follow, max-snippet:-1, max-image-preview:large, max-video-preview:-1\" \/>\n<link rel=\"canonical\" href=\"https:\/\/newleafperformance.ca\/fr\/webinaires\/\" \/>\n<meta property=\"og:locale\" content=\"fr_FR\" \/>\n<meta property=\"og:type\" content=\"article\" \/>\n<meta property=\"og:title\" content=\"Webinaires - NewLeaf Performance\" \/>\n<meta property=\"og:description\" content=\"Rejoignez la communaut\u00e9 NewLeaf et am\u00e9liorez la dynamique de votre milieu de travail ! D\u00e9couvrez des id\u00e9es inspirantes qui stimulent le changement et lib\u00e8rent pleinement le potentiel de votre \u00e9quipe\u2026 [&hellip;]\" \/>\n<meta property=\"og:url\" content=\"https:\/\/newleafperformance.ca\/fr\/webinaires\/\" \/>\n<meta property=\"og:site_name\" content=\"NewLeaf Performance\" \/>\n<meta property=\"article:modified_time\" content=\"2025-10-01T18:33:22+00:00\" \/>\n<meta property=\"og:image\" content=\"https:\/\/newleafperformance.ca\/wp-content\/uploads\/2025\/09\/City-Building.jpeg\" \/>\n\t<meta property=\"og:image:width\" content=\"1180\" \/>\n\t<meta property=\"og:image:height\" content=\"1770\" \/>\n\t<meta property=\"og:image:type\" content=\"image\/jpeg\" \/>\n<meta name=\"twitter:card\" content=\"summary_large_image\" \/>\n<meta name=\"twitter:label1\" content=\"Dur\u00e9e de lecture estim\u00e9e\" \/>\n\t<meta name=\"twitter:data1\" content=\"2 minutes\" \/>\n<script type=\"application\/ld+json\" class=\"yoast-schema-graph\">{\"@context\":\"https:\\\/\\\/schema.org\",\"@graph\":[{\"@type\":\"WebPage\",\"@id\":\"https:\\\/\\\/newleafperformance.ca\\\/fr\\\/webinaires\\\/\",\"url\":\"https:\\\/\\\/newleafperformance.ca\\\/fr\\\/webinaires\\\/\",\"name\":\"Webinaires - NewLeaf Performance\",\"isPartOf\":{\"@id\":\"https:\\\/\\\/newleafperformance.ca\\\/fr\\\/#website\"},\"primaryImageOfPage\":{\"@id\":\"https:\\\/\\\/newleafperformance.ca\\\/fr\\\/webinaires\\\/#primaryimage\"},\"image\":{\"@id\":\"https:\\\/\\\/newleafperformance.ca\\\/fr\\\/webinaires\\\/#primaryimage\"},\"thumbnailUrl\":\"https:\\\/\\\/newleafperformance.ca\\\/wp-content\\\/uploads\\\/2025\\\/09\\\/City-Building-683x1024.jpeg\",\"datePublished\":\"2025-09-15T21:09:09+00:00\",\"dateModified\":\"2025-10-01T18:33:22+00:00\",\"breadcrumb\":{\"@id\":\"https:\\\/\\\/newleafperformance.ca\\\/fr\\\/webinaires\\\/#breadcrumb\"},\"inLanguage\":\"fr-FR\",\"potentialAction\":[{\"@type\":\"ReadAction\",\"target\":[\"https:\\\/\\\/newleafperformance.ca\\\/fr\\\/webinaires\\\/\"]}]},{\"@type\":\"ImageObject\",\"inLanguage\":\"fr-FR\",\"@id\":\"https:\\\/\\\/newleafperformance.ca\\\/fr\\\/webinaires\\\/#primaryimage\",\"url\":\"https:\\\/\\\/newleafperformance.ca\\\/wp-content\\\/uploads\\\/2025\\\/09\\\/City-Building-683x1024.jpeg\",\"contentUrl\":\"https:\\\/\\\/newleafperformance.ca\\\/wp-content\\\/uploads\\\/2025\\\/09\\\/City-Building-683x1024.jpeg\"},{\"@type\":\"BreadcrumbList\",\"@id\":\"https:\\\/\\\/newleafperformance.ca\\\/fr\\\/webinaires\\\/#breadcrumb\",\"itemListElement\":[{\"@type\":\"ListItem\",\"position\":1,\"name\":\"Home\",\"item\":\"https:\\\/\\\/newleafperformance.ca\\\/fr\\\/\"},{\"@type\":\"ListItem\",\"position\":2,\"name\":\"Webinaires\"}]},{\"@type\":\"WebSite\",\"@id\":\"https:\\\/\\\/newleafperformance.ca\\\/fr\\\/#website\",\"url\":\"https:\\\/\\\/newleafperformance.ca\\\/fr\\\/\",\"name\":\"NewLeaf Performance\",\"description\":\"Canadian owned, Ottawa and Montreal-based, bilingual professional management consultants in the fields of Strategy, Performance, Transformation, Learning, Leadership, and Change Management.  Serving Government, Education, Health and NGOs\",\"publisher\":{\"@id\":\"https:\\\/\\\/newleafperformance.ca\\\/fr\\\/#organization\"},\"potentialAction\":[{\"@type\":\"SearchAction\",\"target\":{\"@type\":\"EntryPoint\",\"urlTemplate\":\"https:\\\/\\\/newleafperformance.ca\\\/fr\\\/?s={search_term_string}\"},\"query-input\":{\"@type\":\"PropertyValueSpecification\",\"valueRequired\":true,\"valueName\":\"search_term_string\"}}],\"inLanguage\":\"fr-FR\"},{\"@type\":\"Organization\",\"@id\":\"https:\\\/\\\/newleafperformance.ca\\\/fr\\\/#organization\",\"name\":\"NewLeaf Performance\",\"url\":\"https:\\\/\\\/newleafperformance.ca\\\/fr\\\/\",\"logo\":{\"@type\":\"ImageObject\",\"inLanguage\":\"fr-FR\",\"@id\":\"https:\\\/\\\/newleafperformance.ca\\\/fr\\\/#\\\/schema\\\/logo\\\/image\\\/\",\"url\":\"https:\\\/\\\/newleafperformance.ca\\\/wp-content\\\/uploads\\\/2022\\\/12\\\/nlp_logo2021_rgb_hori.svg\",\"contentUrl\":\"https:\\\/\\\/newleafperformance.ca\\\/wp-content\\\/uploads\\\/2022\\\/12\\\/nlp_logo2021_rgb_hori.svg\",\"width\":375,\"height\":103,\"caption\":\"NewLeaf Performance\"},\"image\":{\"@id\":\"https:\\\/\\\/newleafperformance.ca\\\/fr\\\/#\\\/schema\\\/logo\\\/image\\\/\"}}]}<\/script>\n<!-- \/ Yoast SEO plugin. -->","yoast_head_json":{"title":"Webinaires - NewLeaf Performance","robots":{"index":"index","follow":"follow","max-snippet":"max-snippet:-1","max-image-preview":"max-image-preview:large","max-video-preview":"max-video-preview:-1"},"canonical":"https:\/\/newleafperformance.ca\/fr\/webinaires\/","og_locale":"fr_FR","og_type":"article","og_title":"Webinaires - NewLeaf Performance","og_description":"Rejoignez la communaut\u00e9 NewLeaf et am\u00e9liorez la dynamique de votre milieu de travail ! D\u00e9couvrez des id\u00e9es inspirantes qui stimulent le changement et lib\u00e8rent pleinement le potentiel de votre \u00e9quipe\u2026 [&hellip;]","og_url":"https:\/\/newleafperformance.ca\/fr\/webinaires\/","og_site_name":"NewLeaf Performance","article_modified_time":"2025-10-01T18:33:22+00:00","og_image":[{"width":1180,"height":1770,"url":"https:\/\/newleafperformance.ca\/wp-content\/uploads\/2025\/09\/City-Building.jpeg","type":"image\/jpeg"}],"twitter_card":"summary_large_image","twitter_misc":{"Dur\u00e9e de lecture estim\u00e9e":"2 minutes"},"schema":{"@context":"https:\/\/schema.org","@graph":[{"@type":"WebPage","@id":"https:\/\/newleafperformance.ca\/fr\/webinaires\/","url":"https:\/\/newleafperformance.ca\/fr\/webinaires\/","name":"Webinaires - NewLeaf Performance","isPartOf":{"@id":"https:\/\/newleafperformance.ca\/fr\/#website"},"primaryImageOfPage":{"@id":"https:\/\/newleafperformance.ca\/fr\/webinaires\/#primaryimage"},"image":{"@id":"https:\/\/newleafperformance.ca\/fr\/webinaires\/#primaryimage"},"thumbnailUrl":"https:\/\/newleafperformance.ca\/wp-content\/uploads\/2025\/09\/City-Building-683x1024.jpeg","datePublished":"2025-09-15T21:09:09+00:00","dateModified":"2025-10-01T18:33:22+00:00","breadcrumb":{"@id":"https:\/\/newleafperformance.ca\/fr\/webinaires\/#breadcrumb"},"inLanguage":"fr-FR","potentialAction":[{"@type":"ReadAction","target":["https:\/\/newleafperformance.ca\/fr\/webinaires\/"]}]},{"@type":"ImageObject","inLanguage":"fr-FR","@id":"https:\/\/newleafperformance.ca\/fr\/webinaires\/#primaryimage","url":"https:\/\/newleafperformance.ca\/wp-content\/uploads\/2025\/09\/City-Building-683x1024.jpeg","contentUrl":"https:\/\/newleafperformance.ca\/wp-content\/uploads\/2025\/09\/City-Building-683x1024.jpeg"},{"@type":"BreadcrumbList","@id":"https:\/\/newleafperformance.ca\/fr\/webinaires\/#breadcrumb","itemListElement":[{"@type":"ListItem","position":1,"name":"Home","item":"https:\/\/newleafperformance.ca\/fr\/"},{"@type":"ListItem","position":2,"name":"Webinaires"}]},{"@type":"WebSite","@id":"https:\/\/newleafperformance.ca\/fr\/#website","url":"https:\/\/newleafperformance.ca\/fr\/","name":"NewLeaf Performance","description":"Canadian owned, Ottawa and Montreal-based, bilingual professional management consultants in the fields of Strategy, Performance, Transformation, Learning, Leadership, and Change Management.  Serving Government, Education, Health and NGOs","publisher":{"@id":"https:\/\/newleafperformance.ca\/fr\/#organization"},"potentialAction":[{"@type":"SearchAction","target":{"@type":"EntryPoint","urlTemplate":"https:\/\/newleafperformance.ca\/fr\/?s={search_term_string}"},"query-input":{"@type":"PropertyValueSpecification","valueRequired":true,"valueName":"search_term_string"}}],"inLanguage":"fr-FR"},{"@type":"Organization","@id":"https:\/\/newleafperformance.ca\/fr\/#organization","name":"NewLeaf Performance","url":"https:\/\/newleafperformance.ca\/fr\/","logo":{"@type":"ImageObject","inLanguage":"fr-FR","@id":"https:\/\/newleafperformance.ca\/fr\/#\/schema\/logo\/image\/","url":"https:\/\/newleafperformance.ca\/wp-content\/uploads\/2022\/12\/nlp_logo2021_rgb_hori.svg","contentUrl":"https:\/\/newleafperformance.ca\/wp-content\/uploads\/2022\/12\/nlp_logo2021_rgb_hori.svg","width":375,"height":103,"caption":"NewLeaf Performance"},"image":{"@id":"https:\/\/newleafperformance.ca\/fr\/#\/schema\/logo\/image\/"}}]}},"_links":{"self":[{"href":"https:\/\/newleafperformance.ca\/fr\/wp-json\/wp\/v2\/pages\/1036","targetHints":{"allow":["GET"]}}],"collection":[{"href":"https:\/\/newleafperformance.ca\/fr\/wp-json\/wp\/v2\/pages"}],"about":[{"href":"https:\/\/newleafperformance.ca\/fr\/wp-json\/wp\/v2\/types\/page"}],"author":[{"embeddable":true,"href":"https:\/\/newleafperformance.ca\/fr\/wp-json\/wp\/v2\/users\/6"}],"replies":[{"embeddable":true,"href":"https:\/\/newleafperformance.ca\/fr\/wp-json\/wp\/v2\/comments?post=1036"}],"version-history":[{"count":3,"href":"https:\/\/newleafperformance.ca\/fr\/wp-json\/wp\/v2\/pages\/1036\/revisions"}],"predecessor-version":[{"id":1045,"href":"https:\/\/newleafperformance.ca\/fr\/wp-json\/wp\/v2\/pages\/1036\/revisions\/1045"}],"wp:attachment":[{"href":"https:\/\/newleafperformance.ca\/fr\/wp-json\/wp\/v2\/media?parent=1036"}],"curies":[{"name":"wp","href":"https:\/\/api.w.org\/{rel}","templated":true}]}}