{"id":215,"date":"2022-11-29T15:43:29","date_gmt":"2022-11-29T20:43:29","guid":{"rendered":"https:\/\/newleafperformance.ca\/home\/"},"modified":"2023-12-13T09:19:43","modified_gmt":"2023-12-13T14:19:43","slug":"home","status":"publish","type":"page","link":"https:\/\/newleafperformance.ca\/fr\/","title":{"rendered":"Un syst\u00e8me \u00e9quilibr\u00e9, des \u00e9quipes prosp\u00e8res."},"content":{"rendered":"\n<div class=\"wp-block-cover alignfull is-light has-custom-content-position is-position-bottom-center home-hero\" style=\"padding-top:var(--wp--preset--spacing--80);padding-bottom:0;min-height:100vh;aspect-ratio:unset;\"><span aria-hidden=\"true\" class=\"wp-block-cover__background has-background-dim-100 has-background-dim has-background-gradient has-light-forest-right-gradient-background\"><\/span><div class=\"wp-block-cover__inner-container is-layout-flow wp-block-cover-is-layout-flow\">\n<div class=\"wp-block-columns is-layout-flex wp-container-core-columns-is-layout-0070452a wp-block-columns-is-layout-flex\" style=\"margin-bottom:0\">\n<div class=\"wp-block-column is-layout-flow wp-block-column-is-layout-flow\">\n<div class=\"wp-block-group is-layout-constrained wp-container-core-group-is-layout-15a7ea79 wp-block-group-is-layout-constrained\" style=\"margin-top:var(--wp--preset--spacing--80);padding-right:var(--wp--preset--spacing--75)\"><h1 style=\"margin-bottom:var(--wp--preset--spacing--30);\" class=\"wp-block-post-title has-text-color has-main-foreground-alt-color\">Un syst\u00e8me \u00e9quilibr\u00e9, des \u00e9quipes prosp\u00e8res.<\/h1>\n\n\n<p style=\"margin-top:var(--wp--preset--spacing--30)\">Les organisations saines accordent autant d\u2019importance \u00e0 leurs objectifs de performance qu\u2019au bien-\u00eatre de leur personnel. NewLeaf vous accompagnera dans votre d\u00e9marche pour atteindre cet \u00e9quilibre tout en contribuant \u00e0 une culture organisationnelle dynamique.<\/p>\n\n\n\n<div class=\"wp-block-buttons is-layout-flex wp-block-buttons-is-layout-flex\" style=\"margin-top:var(--wp--preset--spacing--40)\">\n<div class=\"wp-block-button is-style-fill\"><a class=\"wp-block-button__link has-main-background-color has-main-highlight-background-color has-text-color has-background wp-element-button\" href=\"https:\/\/newleafperformance.ca\/fr\/contact\/\" style=\"padding-top:var(--wp--preset--spacing--20);padding-right:var(--wp--preset--spacing--40);padding-bottom:var(--wp--preset--spacing--20);padding-left:var(--wp--preset--spacing--40)\">Contactez-nous pour d\u00e9marrer<\/a><\/div>\n<\/div>\n<\/div>\n\n\n\n<div class=\"wp-block-outermost-icon-block\" style=\"margin-bottom:var(--wp--preset--spacing--50);margin-top:var(--wp--preset--spacing--70)\"><a class=\"icon-container has-icon-color has-main-foreground-alt-color\" href=\"#services\" style=\"color:#004822;width:1.6em\"><svg xmlns=\"http:\/\/www.w3.org\/2000\/svg\" width=\"32.707\" height=\"60.854\" viewBox=\"0 0 32.707 60.854\"><g id=\"Component_5_1\" data-name=\"Component 5 \u2013 1\" transform=\"translate(0.354)\"><line id=\"Line_4\" data-name=\"Line 4\" y2=\"60\" transform=\"translate(16)\" fill=\"none\" stroke=\"#004822\" stroke-width=\"1\"><\/line><line id=\"Line_5\" data-name=\"Line 5\" x1=\"16\" y1=\"16\" transform=\"translate(0 44.5)\" fill=\"none\" stroke=\"#004822\" stroke-width=\"1\"><\/line><line id=\"Line_6\" data-name=\"Line 6\" y1=\"16\" x2=\"16\" transform=\"translate(16 44.5)\" fill=\"none\" stroke=\"#004822\" stroke-width=\"1\"><\/line><\/g><\/svg><\/a><\/div>\n<\/div>\n\n\n\n<div class=\"wp-block-column has-main-highlight-background-color has-background is-layout-flow wp-block-column-is-layout-flow\">\n<figure class=\"wp-block-image size-large is-style-landscape is-full-height\"><img loading=\"lazy\" decoding=\"async\" width=\"1024\" height=\"767\" src=\"https:\/\/newleafperformance.ca\/wp-content\/uploads\/2022\/12\/home-hero-1024x767.jpg\" alt=\"\" class=\"wp-image-42\" srcset=\"https:\/\/newleafperformance.ca\/wp-content\/uploads\/2022\/12\/home-hero-1024x767.jpg 1024w, https:\/\/newleafperformance.ca\/wp-content\/uploads\/2022\/12\/home-hero-300x225.jpg 300w, https:\/\/newleafperformance.ca\/wp-content\/uploads\/2022\/12\/home-hero-768x576.jpg 768w, https:\/\/newleafperformance.ca\/wp-content\/uploads\/2022\/12\/home-hero-1536x1151.jpg 1536w, https:\/\/newleafperformance.ca\/wp-content\/uploads\/2022\/12\/home-hero.jpg 1920w\" sizes=\"auto, (max-width: 1024px) 100vw, 1024px\" \/><\/figure>\n<\/div>\n<\/div>\n<\/div><\/div>\n\n\n\n<div class=\"wp-block-media-text alignwide is-stacked-on-mobile is-image-fill has-main-highlight-color has-text-color\" style=\"margin-top:var(--wp--preset--spacing--80);margin-right:0;margin-bottom:var(--wp--preset--spacing--80);margin-left:0\"><figure class=\"wp-block-media-text__media\" style=\"background-image:url(https:\/\/newleafperformance.ca\/wp-content\/uploads\/2022\/12\/home-services-683x1024.jpg);background-position:50% 50%\"><img loading=\"lazy\" decoding=\"async\" width=\"683\" height=\"1024\" src=\"https:\/\/newleafperformance.ca\/wp-content\/uploads\/2022\/12\/home-services-683x1024.jpg\" alt=\"\" class=\"wp-image-13 size-full\" srcset=\"https:\/\/newleafperformance.ca\/wp-content\/uploads\/2022\/12\/home-services-683x1024.jpg 683w, https:\/\/newleafperformance.ca\/wp-content\/uploads\/2022\/12\/home-services-200x300.jpg 200w, https:\/\/newleafperformance.ca\/wp-content\/uploads\/2022\/12\/home-services-768x1152.jpg 768w, https:\/\/newleafperformance.ca\/wp-content\/uploads\/2022\/12\/home-services-1024x1536.jpg 1024w, https:\/\/newleafperformance.ca\/wp-content\/uploads\/2022\/12\/home-services.jpg 1280w\" sizes=\"auto, (max-width: 683px) 100vw, 683px\" \/><\/figure><div class=\"wp-block-media-text__content\">\n<div class=\"wp-block-group is-layout-constrained wp-block-group-is-layout-constrained\">\n<p class=\"is-style-eyebrow\" id=\"services\">SERVICES<\/p>\n\n\n\n<h2 class=\"wp-block-heading\">Cr\u00e9er un lieu de travail optimis\u00e9.<\/h2>\n\n\n\n<p class=\"has-main-foreground-color has-text-color has-medium-font-size\">Comprendre et r\u00e9pondre aux besoins de votre organisation en mati\u00e8re de performance et de bien-\u00eatre peut s\u2019av\u00e9rer un d\u00e9fi de taille. Il se peut que vous ayez besoin d\u2019un bilan plus clair de l\u2019\u00e9tat actuel de votre organisation pour mieux tracer la voie \u00e0 suivre. Ou, alors, que vous comprenez bien la situation actuelle, mais avez besoin de quelqu\u2019un qui se retrousse les manches pour vous aider \u00e0 d\u00e9velopper des solutions concr\u00e8tes et viables. Chez NewLeaf Performance, nous sommes l\u00e0 pour tout cela. Qu\u2019il s\u2019agisse de fournir des services de conseil et de diagnostic, ou d\u2019aider \u00e0 \u00e9laborer des solutions en mati\u00e8re de gestion de personnel et de processus, nous nous associons \u00e0 vous pour cocr\u00e9er un avenir prosp\u00e8re pour votre organisation.<\/p>\n\n\n\n<div class=\"wp-block-buttons is-style-grid is-layout-flex wp-block-buttons-is-layout-flex\" style=\"margin-top:var(--wp--preset--spacing--50)\">\n<div class=\"wp-block-button is-style-top-bordered\"><a class=\"wp-block-button__link wp-element-button\" href=\"https:\/\/newleafperformance.ca\/fr\/services\/#strategic\">Planification strat\u00e9gique<\/a><\/div>\n\n\n\n<div class=\"wp-block-button is-style-top-bordered\"><a class=\"wp-block-button__link wp-element-button\" href=\"https:\/\/newleafperformance.ca\/fr\/services\/#culture\">Examens et diagnostics de la culture<\/a><\/div>\n\n\n\n<div class=\"wp-block-button is-style-top-bordered\"><a class=\"wp-block-button__link wp-element-button\" href=\"https:\/\/newleafperformance.ca\/fr\/services\/#assessments\">\u00c9valuations du lieu de travail<\/a><\/div>\n\n\n\n<div class=\"wp-block-button is-style-top-bordered\"><a class=\"wp-block-button__link wp-element-button\" href=\"https:\/\/newleafperformance.ca\/fr\/services\/#workforce\">\u00c9valuation de l\u2019effectif et de la structure organisationnelle<\/a><\/div>\n\n\n\n<div class=\"wp-block-button is-style-top-bordered\"><a class=\"wp-block-button__link wp-element-button\" href=\"https:\/\/newleafperformance.ca\/fr\/services\/#stakeholder\">Consultations avec les parties prenantes et engagement<\/a><\/div>\n\n\n\n<div class=\"wp-block-button is-style-top-bordered\"><a class=\"wp-block-button__link wp-element-button\" href=\"https:\/\/newleafperformance.ca\/fr\/services\/#facilitation\">Facilitation et renforcement de l\u2019esprit d\u2019\u00e9quipe (<em>team building<\/em>)<\/a><\/div>\n\n\n\n<div class=\"wp-block-button is-style-top-bordered\"><a class=\"wp-block-button__link wp-element-button\" href=\"https:\/\/newleafperformance.ca\/fr\/services\/#executive\">Conseils, coh\u00e9rence et coaching ex\u00e9cutifs<\/a><\/div>\n\n\n\n<div class=\"wp-block-button is-style-top-bordered\"><a class=\"wp-block-button__link wp-element-button\" href=\"https:\/\/newleafperformance.ca\/fr\/services\/#workplace\">Gestion, pr\u00e9vention et r\u00e9solution des conflits sur le lieu de travail<\/a><\/div>\n\n\n\n<div class=\"wp-block-button is-style-top-bordered\"><a class=\"wp-block-button__link wp-element-button\" href=\"https:\/\/newleafperformance.ca\/fr\/services\/#program\">\u00c9valuations de programmes et de projets<\/a><\/div>\n<\/div>\n<\/div>\n<\/div><\/div>\n\n\n\n<div class=\"wp-block-media-text alignwide has-media-on-the-right is-stacked-on-mobile is-image-fill has-avocado-color has-text-color\" style=\"margin-top:var(--wp--preset--spacing--80);margin-right:0;margin-bottom:var(--wp--preset--spacing--80);margin-left:0\"><div class=\"wp-block-media-text__content\">\n<div class=\"wp-block-group is-layout-constrained wp-block-group-is-layout-constrained\">\n<p class=\"is-style-eyebrow\">Notre APPROCHe<\/p>\n\n\n\n<h2 class=\"wp-block-heading\">Accro\u00eetre la performance syst\u00e9mique.<\/h2>\n\n\n\n<p class=\"has-main-foreground-alt-color has-light-avocado-background-color has-text-color has-background has-large-font-size\" style=\"padding-top:var(--wp--preset--spacing--40);padding-right:var(--wp--preset--spacing--40);padding-bottom:var(--wp--preset--spacing--40);padding-left:var(--wp--preset--spacing--40)\">L\u2019entropie, ou la non-productivit\u00e9 due \u00e0 une incoh\u00e9rence organisationnelle, est influenc\u00e9e par des pratiques et des comportements ancr\u00e9s qui minent la confiance, la coh\u00e9sion interne et l\u2019engagement des employ\u00e9s et employ\u00e9es.<\/p>\n\n\n\n<p class=\"has-main-foreground-color has-text-color has-medium-font-size\">Demandez-vous ce dont vous et votre \u00e9quipe avez besoin pour construire une culture forte et engageante : quels attributs essentiels doivent \u00eatre conf\u00e9r\u00e9s pour favoriser l\u2019apprentissage organisationnel continu, la pertinence et la performance ? NewLeaf vous aidera \u00e0 concevoir et \u00e0 d\u00e9fendre la coh\u00e9rence organisationnelle en s\u2019attaquant aux obstacles visibles et invisibles limitant la r\u00e9ussite. Pour ce faire, nous travaillerons avec vous \u00e0 la jonction des pratiques de gestion (les affaires) et de la dynamique du lieu de travail (les personnes).<\/p>\n\n\n\n<div class=\"wp-block-buttons is-style-grid is-layout-flex wp-block-buttons-is-layout-flex\" style=\"margin-top:var(--wp--preset--spacing--50)\">\n<div class=\"wp-block-button has-custom-font-size is-style-read-more has-medium-font-size\"><a class=\"wp-block-button__link wp-element-button\" href=\"https:\/\/newleafperformance.ca\/fr\/a-propos\/\">En savoir plus<\/a><\/div>\n<\/div>\n<\/div>\n<\/div><figure class=\"wp-block-media-text__media\" style=\"background-image:url(https:\/\/newleafperformance.ca\/wp-content\/uploads\/2022\/12\/home-our-approach-1024x683.jpg);background-position:50% 50%\"><img loading=\"lazy\" decoding=\"async\" width=\"1024\" height=\"683\" src=\"https:\/\/newleafperformance.ca\/wp-content\/uploads\/2022\/12\/home-our-approach-1024x683.jpg\" alt=\"\" class=\"wp-image-33 size-full\" srcset=\"https:\/\/newleafperformance.ca\/wp-content\/uploads\/2022\/12\/home-our-approach-1024x683.jpg 1024w, https:\/\/newleafperformance.ca\/wp-content\/uploads\/2022\/12\/home-our-approach-300x200.jpg 300w, https:\/\/newleafperformance.ca\/wp-content\/uploads\/2022\/12\/home-our-approach-768x512.jpg 768w, https:\/\/newleafperformance.ca\/wp-content\/uploads\/2022\/12\/home-our-approach-1536x1024.jpg 1536w, https:\/\/newleafperformance.ca\/wp-content\/uploads\/2022\/12\/home-our-approach.jpg 1920w\" sizes=\"auto, (max-width: 1024px) 100vw, 1024px\" \/><\/figure><\/div>\n\n\n\n<div class=\"wp-block-cover alignfull\" style=\"margin-top:0;padding-top:var(--wp--preset--spacing--80);padding-right:var(--wp--preset--spacing--50);padding-bottom:var(--wp--preset--spacing--80);padding-left:var(--wp--preset--spacing--50)\"><span aria-hidden=\"true\" class=\"wp-block-cover__background has-main-foreground-alt-background-color has-background-dim-100 has-background-dim\"><\/span><div class=\"wp-block-cover__inner-container is-layout-flow wp-block-cover-is-layout-flow\">\n<div class=\"wp-block-columns alignwide is-layout-flex wp-container-core-columns-is-layout-557e9d66 wp-block-columns-is-layout-flex\" style=\"margin-top:0;margin-bottom:0\">\n<div class=\"wp-block-column is-layout-constrained wp-container-core-column-is-layout-41c06ba8 wp-block-column-is-layout-constrained\" style=\"flex-basis:100%\">\n<h2 class=\"wp-block-heading has-text-align-center has-avocado-color has-text-color\">Cr\u00e9ez une culture organisationnelle dynamique<\/h2>\n\n\n\n<p class=\"has-text-align-center\" style=\"margin-top:var(--wp--preset--spacing--30);margin-right:0;margin-bottom:0;margin-left:0\">Leadership, engagement et action pour faire la diff\u00e9rence (LEAF<sup>\u00a9<\/sup>) au niveau de la performance et du bien-\u00eatre. D\u00e9couvrez comment, d\u00e8s aujourd\u2019hui.<\/p>\n\n\n\n<div class=\"wp-block-buttons footer-cta-button is-content-justification-center is-layout-flex wp-container-core-buttons-is-layout-d8c0be80 wp-block-buttons-is-layout-flex\" style=\"margin-top:var(--wp--preset--spacing--40)\">\n<div class=\"wp-block-button is-style-fill footer-cta-buttons\"><a class=\"wp-block-button__link has-main-foreground-color has-avocado-background-color has-text-color has-background wp-element-button\" href=\"https:\/\/newleafperformance.ca\/fr\/contact\/\">Contactez-nous<\/a><\/div>\n<\/div>\n<\/div>\n<\/div>\n<\/div><\/div>\n","protected":false},"excerpt":{"rendered":"","protected":false},"author":9,"featured_media":0,"parent":0,"menu_order":0,"comment_status":"closed","ping_status":"closed","template":"","meta":{"footnotes":""},"class_list":["post-215","page","type-page","status-publish","hentry"],"yoast_head":"<!-- This site is optimized with the Yoast SEO plugin v27.4 - https:\/\/yoast.com\/product\/yoast-seo-wordpress\/ -->\n<title>Un syst\u00e8me \u00e9quilibr\u00e9, des \u00e9quipes prosp\u00e8res. - NewLeaf Performance<\/title>\n<meta name=\"robots\" content=\"index, follow, max-snippet:-1, max-image-preview:large, max-video-preview:-1\" \/>\n<link rel=\"canonical\" href=\"https:\/\/newleafperformance.ca\/fr\/\" \/>\n<meta property=\"og:locale\" content=\"fr_FR\" \/>\n<meta property=\"og:type\" content=\"article\" \/>\n<meta property=\"og:title\" content=\"Un syst\u00e8me \u00e9quilibr\u00e9, des \u00e9quipes prosp\u00e8res. - NewLeaf Performance\" \/>\n<meta property=\"og:url\" content=\"https:\/\/newleafperformance.ca\/fr\/\" \/>\n<meta property=\"og:site_name\" content=\"NewLeaf Performance\" \/>\n<meta property=\"article:modified_time\" content=\"2023-12-13T14:19:43+00:00\" \/>\n<meta property=\"og:image\" content=\"https:\/\/newleafperformance.ca\/wp-content\/uploads\/2022\/12\/home-hero-1024x767.jpg\" \/>\n<meta name=\"twitter:card\" content=\"summary_large_image\" \/>\n<meta name=\"twitter:label1\" content=\"Dur\u00e9e de lecture estim\u00e9e\" \/>\n\t<meta name=\"twitter:data1\" content=\"3 minutes\" \/>\n<script type=\"application\/ld+json\" class=\"yoast-schema-graph\">{\"@context\":\"https:\\\/\\\/schema.org\",\"@graph\":[{\"@type\":\"WebPage\",\"@id\":\"https:\\\/\\\/newleafperformance.ca\\\/fr\\\/\",\"url\":\"https:\\\/\\\/newleafperformance.ca\\\/fr\\\/\",\"name\":\"Un syst\u00e8me \u00e9quilibr\u00e9, des \u00e9quipes prosp\u00e8res. - NewLeaf Performance\",\"isPartOf\":{\"@id\":\"https:\\\/\\\/newleafperformance.ca\\\/fr\\\/#website\"},\"primaryImageOfPage\":{\"@id\":\"https:\\\/\\\/newleafperformance.ca\\\/fr\\\/#primaryimage\"},\"image\":{\"@id\":\"https:\\\/\\\/newleafperformance.ca\\\/fr\\\/#primaryimage\"},\"thumbnailUrl\":\"https:\\\/\\\/newleafperformance.ca\\\/wp-content\\\/uploads\\\/2022\\\/12\\\/home-hero-1024x767.jpg\",\"datePublished\":\"2022-11-29T20:43:29+00:00\",\"dateModified\":\"2023-12-13T14:19:43+00:00\",\"breadcrumb\":{\"@id\":\"https:\\\/\\\/newleafperformance.ca\\\/fr\\\/#breadcrumb\"},\"inLanguage\":\"fr-FR\",\"potentialAction\":[{\"@type\":\"ReadAction\",\"target\":[\"https:\\\/\\\/newleafperformance.ca\\\/fr\\\/\"]}]},{\"@type\":\"ImageObject\",\"inLanguage\":\"fr-FR\",\"@id\":\"https:\\\/\\\/newleafperformance.ca\\\/fr\\\/#primaryimage\",\"url\":\"https:\\\/\\\/newleafperformance.ca\\\/wp-content\\\/uploads\\\/2022\\\/12\\\/home-hero-1024x767.jpg\",\"contentUrl\":\"https:\\\/\\\/newleafperformance.ca\\\/wp-content\\\/uploads\\\/2022\\\/12\\\/home-hero-1024x767.jpg\"},{\"@type\":\"BreadcrumbList\",\"@id\":\"https:\\\/\\\/newleafperformance.ca\\\/fr\\\/#breadcrumb\",\"itemListElement\":[{\"@type\":\"ListItem\",\"position\":1,\"name\":\"Home\",\"item\":\"https:\\\/\\\/newleafperformance.ca\\\/fr\\\/\"},{\"@type\":\"ListItem\",\"position\":2,\"name\":\"Un syst\u00e8me \u00e9quilibr\u00e9, des \u00e9quipes prosp\u00e8res.\"}]},{\"@type\":\"WebSite\",\"@id\":\"https:\\\/\\\/newleafperformance.ca\\\/fr\\\/#website\",\"url\":\"https:\\\/\\\/newleafperformance.ca\\\/fr\\\/\",\"name\":\"NewLeaf Performance\",\"description\":\"Canadian owned, Ottawa and Montreal-based, bilingual professional management consultants in the fields of Strategy, Performance, Transformation, Learning, Leadership, and Change Management.  Serving Government, Education, Health and NGOs\",\"publisher\":{\"@id\":\"https:\\\/\\\/newleafperformance.ca\\\/fr\\\/#organization\"},\"potentialAction\":[{\"@type\":\"SearchAction\",\"target\":{\"@type\":\"EntryPoint\",\"urlTemplate\":\"https:\\\/\\\/newleafperformance.ca\\\/fr\\\/?s={search_term_string}\"},\"query-input\":{\"@type\":\"PropertyValueSpecification\",\"valueRequired\":true,\"valueName\":\"search_term_string\"}}],\"inLanguage\":\"fr-FR\"},{\"@type\":\"Organization\",\"@id\":\"https:\\\/\\\/newleafperformance.ca\\\/fr\\\/#organization\",\"name\":\"NewLeaf Performance\",\"url\":\"https:\\\/\\\/newleafperformance.ca\\\/fr\\\/\",\"logo\":{\"@type\":\"ImageObject\",\"inLanguage\":\"fr-FR\",\"@id\":\"https:\\\/\\\/newleafperformance.ca\\\/fr\\\/#\\\/schema\\\/logo\\\/image\\\/\",\"url\":\"https:\\\/\\\/newleafperformance.ca\\\/wp-content\\\/uploads\\\/2022\\\/12\\\/nlp_logo2021_rgb_hori.svg\",\"contentUrl\":\"https:\\\/\\\/newleafperformance.ca\\\/wp-content\\\/uploads\\\/2022\\\/12\\\/nlp_logo2021_rgb_hori.svg\",\"width\":375,\"height\":103,\"caption\":\"NewLeaf Performance\"},\"image\":{\"@id\":\"https:\\\/\\\/newleafperformance.ca\\\/fr\\\/#\\\/schema\\\/logo\\\/image\\\/\"}}]}<\/script>\n<!-- \/ Yoast SEO plugin. -->","yoast_head_json":{"title":"Un syst\u00e8me \u00e9quilibr\u00e9, des \u00e9quipes prosp\u00e8res. - NewLeaf Performance","robots":{"index":"index","follow":"follow","max-snippet":"max-snippet:-1","max-image-preview":"max-image-preview:large","max-video-preview":"max-video-preview:-1"},"canonical":"https:\/\/newleafperformance.ca\/fr\/","og_locale":"fr_FR","og_type":"article","og_title":"Un syst\u00e8me \u00e9quilibr\u00e9, des \u00e9quipes prosp\u00e8res. - NewLeaf Performance","og_url":"https:\/\/newleafperformance.ca\/fr\/","og_site_name":"NewLeaf Performance","article_modified_time":"2023-12-13T14:19:43+00:00","og_image":[{"url":"https:\/\/newleafperformance.ca\/wp-content\/uploads\/2022\/12\/home-hero-1024x767.jpg","type":"","width":"","height":""}],"twitter_card":"summary_large_image","twitter_misc":{"Dur\u00e9e de lecture estim\u00e9e":"3 minutes"},"schema":{"@context":"https:\/\/schema.org","@graph":[{"@type":"WebPage","@id":"https:\/\/newleafperformance.ca\/fr\/","url":"https:\/\/newleafperformance.ca\/fr\/","name":"Un syst\u00e8me \u00e9quilibr\u00e9, des \u00e9quipes prosp\u00e8res. - NewLeaf Performance","isPartOf":{"@id":"https:\/\/newleafperformance.ca\/fr\/#website"},"primaryImageOfPage":{"@id":"https:\/\/newleafperformance.ca\/fr\/#primaryimage"},"image":{"@id":"https:\/\/newleafperformance.ca\/fr\/#primaryimage"},"thumbnailUrl":"https:\/\/newleafperformance.ca\/wp-content\/uploads\/2022\/12\/home-hero-1024x767.jpg","datePublished":"2022-11-29T20:43:29+00:00","dateModified":"2023-12-13T14:19:43+00:00","breadcrumb":{"@id":"https:\/\/newleafperformance.ca\/fr\/#breadcrumb"},"inLanguage":"fr-FR","potentialAction":[{"@type":"ReadAction","target":["https:\/\/newleafperformance.ca\/fr\/"]}]},{"@type":"ImageObject","inLanguage":"fr-FR","@id":"https:\/\/newleafperformance.ca\/fr\/#primaryimage","url":"https:\/\/newleafperformance.ca\/wp-content\/uploads\/2022\/12\/home-hero-1024x767.jpg","contentUrl":"https:\/\/newleafperformance.ca\/wp-content\/uploads\/2022\/12\/home-hero-1024x767.jpg"},{"@type":"BreadcrumbList","@id":"https:\/\/newleafperformance.ca\/fr\/#breadcrumb","itemListElement":[{"@type":"ListItem","position":1,"name":"Home","item":"https:\/\/newleafperformance.ca\/fr\/"},{"@type":"ListItem","position":2,"name":"Un syst\u00e8me \u00e9quilibr\u00e9, des \u00e9quipes prosp\u00e8res."}]},{"@type":"WebSite","@id":"https:\/\/newleafperformance.ca\/fr\/#website","url":"https:\/\/newleafperformance.ca\/fr\/","name":"NewLeaf Performance","description":"Canadian owned, Ottawa and Montreal-based, bilingual professional management consultants in the fields of Strategy, Performance, Transformation, Learning, Leadership, and Change Management.  Serving Government, Education, Health and NGOs","publisher":{"@id":"https:\/\/newleafperformance.ca\/fr\/#organization"},"potentialAction":[{"@type":"SearchAction","target":{"@type":"EntryPoint","urlTemplate":"https:\/\/newleafperformance.ca\/fr\/?s={search_term_string}"},"query-input":{"@type":"PropertyValueSpecification","valueRequired":true,"valueName":"search_term_string"}}],"inLanguage":"fr-FR"},{"@type":"Organization","@id":"https:\/\/newleafperformance.ca\/fr\/#organization","name":"NewLeaf Performance","url":"https:\/\/newleafperformance.ca\/fr\/","logo":{"@type":"ImageObject","inLanguage":"fr-FR","@id":"https:\/\/newleafperformance.ca\/fr\/#\/schema\/logo\/image\/","url":"https:\/\/newleafperformance.ca\/wp-content\/uploads\/2022\/12\/nlp_logo2021_rgb_hori.svg","contentUrl":"https:\/\/newleafperformance.ca\/wp-content\/uploads\/2022\/12\/nlp_logo2021_rgb_hori.svg","width":375,"height":103,"caption":"NewLeaf Performance"},"image":{"@id":"https:\/\/newleafperformance.ca\/fr\/#\/schema\/logo\/image\/"}}]}},"_links":{"self":[{"href":"https:\/\/newleafperformance.ca\/fr\/wp-json\/wp\/v2\/pages\/215","targetHints":{"allow":["GET"]}}],"collection":[{"href":"https:\/\/newleafperformance.ca\/fr\/wp-json\/wp\/v2\/pages"}],"about":[{"href":"https:\/\/newleafperformance.ca\/fr\/wp-json\/wp\/v2\/types\/page"}],"author":[{"embeddable":true,"href":"https:\/\/newleafperformance.ca\/fr\/wp-json\/wp\/v2\/users\/9"}],"replies":[{"embeddable":true,"href":"https:\/\/newleafperformance.ca\/fr\/wp-json\/wp\/v2\/comments?post=215"}],"version-history":[{"count":0,"href":"https:\/\/newleafperformance.ca\/fr\/wp-json\/wp\/v2\/pages\/215\/revisions"}],"wp:attachment":[{"href":"https:\/\/newleafperformance.ca\/fr\/wp-json\/wp\/v2\/media?parent=215"}],"curies":[{"name":"wp","href":"https:\/\/api.w.org\/{rel}","templated":true}]}}