{"id":453,"date":"2023-06-13T12:57:47","date_gmt":"2023-06-13T16:57:47","guid":{"rendered":"https:\/\/newleafperformance.ca\/?page_id=453"},"modified":"2025-02-28T12:56:21","modified_gmt":"2025-02-28T17:56:21","slug":"carriere","status":"publish","type":"page","link":"https:\/\/newleafperformance.ca\/fr\/carriere\/","title":{"rendered":"Carri\u00e8re"},"content":{"rendered":"\n<div class=\"wp-block-group alignfull hero-default has-light-forest-background-color has-background is-layout-constrained wp-block-group-is-layout-constrained\" style=\"padding-top:var(--wp--preset--spacing--70);padding-bottom:var(--wp--preset--spacing--50)\">\n<div class=\"wp-block-columns alignwide is-layout-flex wp-container-core-columns-is-layout-f5a44f5b wp-block-columns-is-layout-flex\">\n<div class=\"wp-block-column is-vertically-aligned-bottom is-layout-flow wp-block-column-is-layout-flow\">\n<div style=\"height:100px\" aria-hidden=\"true\" class=\"wp-block-spacer block-visibility-hide-small-screen\"><\/div>\n\n\n<h1 class=\"has-text-align-left wp-block-post-title has-text-color has-main-foreground-alt-color\">Carri\u00e8re<\/h1><\/div>\n\n\n\n<div class=\"wp-block-column is-vertically-aligned-bottom is-layout-flow wp-block-column-is-layout-flow\">\n<figure class=\"wp-block-image size-large is-hero-offset-image is-style-square\"><img loading=\"lazy\" decoding=\"async\" width=\"1024\" height=\"846\" src=\"https:\/\/newleafperformance.ca\/wp-content\/uploads\/2024\/04\/services-hero-1024x846.jpg\" alt=\"\" class=\"wp-image-612\" srcset=\"https:\/\/newleafperformance.ca\/wp-content\/uploads\/2024\/04\/services-hero-1024x846.jpg 1024w, https:\/\/newleafperformance.ca\/wp-content\/uploads\/2024\/04\/services-hero-300x248.jpg 300w, https:\/\/newleafperformance.ca\/wp-content\/uploads\/2024\/04\/services-hero-768x634.jpg 768w, https:\/\/newleafperformance.ca\/wp-content\/uploads\/2024\/04\/services-hero-1536x1269.jpg 1536w, https:\/\/newleafperformance.ca\/wp-content\/uploads\/2024\/04\/services-hero.jpg 1920w\" sizes=\"auto, (max-width: 1024px) 100vw, 1024px\" \/><\/figure>\n<\/div>\n<\/div>\n<\/div>\n\n\n\n<div class=\"wp-block-columns alignwide is-layout-flex wp-container-core-columns-is-layout-6a3380be wp-block-columns-is-layout-flex\" style=\"margin-top:var(--wp--preset--spacing--50);margin-bottom:var(--wp--preset--spacing--80)\">\n<div class=\"wp-block-column is-layout-flow wp-block-column-is-layout-flow\">\n<div style=\"height:60px\" aria-hidden=\"true\" class=\"wp-block-spacer block-visibility-hide-large-screen block-visibility-hide-medium-screen\"><\/div>\n\n\n\n<p class=\"has-small-font-size\">Choisir de faire carri\u00e8re chez NewLeaf, c\u2019est rejoindre une communaut\u00e9 de pratique inclusive et dynamique situ\u00e9e d\u2019un bout \u00e0 l\u2019autre du Canada. C\u2019est prendre part \u00e0 des projets novateurs et d\u00e9terminants pour l\u2019industrie. C&rsquo;est aussi int\u00e9grer une \u00e9quipe bienveillante, enrichissante qui se soucie de votre bien-\u00eatre, de votre d\u00e9veloppement continu et de vos ambitions professionnelles. Joignez-vous \u00e0 notre \u00e9quipe, votre prochaine carri\u00e8re est chez nous.<\/p>\n\n\n\n<div class=\"wp-block-buttons is-layout-flex wp-block-buttons-is-layout-flex\">\n<div class=\"wp-block-button is-style-read-more\"><a class=\"wp-block-button__link wp-element-button\" href=\"#positions-disponibles\">Consultez les positions disponibles<\/a><\/div>\n<\/div>\n<\/div>\n\n\n\n<div class=\"wp-block-column is-layout-flow wp-block-column-is-layout-flow\"><\/div>\n<\/div>\n\n\n\n\n\n<div class=\"wp-block-columns alignwide is-layout-flex wp-container-core-columns-is-layout-28f84493 wp-block-columns-is-layout-flex\">\n<div class=\"wp-block-column is-layout-flow wp-block-column-is-layout-flow\">\n<div class=\"wp-block-group is-layout-constrained wp-block-group-is-layout-constrained\">\n<h2 class=\"wp-block-heading has-h-3-font-size\" style=\"margin-top:0\">Oeuvrer chez NewLeaf<\/h2>\n\n\n\n<p class=\"has-main-foreground-color has-text-color\">\u00catre un ou une leafer, c\u2019est mettre \u00e0 profit vos comp\u00e9tences pour le bien commun et mener des interventions qui ont un impact concret dans la vie des gens. Vous aurez l&rsquo;occasion de diriger et de participer \u00e0 des projets qui vous&nbsp;tiennent \u00e0 c\u0153ur, tout en b\u00e9n\u00e9ficiant d&rsquo;un large \u00e9ventail d&rsquo;avantages. Rejoignez-nous chez NewLeaf, o\u00f9 l&rsquo;humanit\u00e9 et l&rsquo;innovation sont c\u00e9l\u00e9br\u00e9es harmonieusement.<\/p>\n<\/div>\n<\/div>\n\n\n\n<div class=\"wp-block-column is-layout-flow wp-block-column-is-layout-flow\"><\/div>\n<\/div>\n\n\n\n<div class=\"wp-block-columns alignwide is-layout-flex wp-container-core-columns-is-layout-b0120242 wp-block-columns-is-layout-flex\" style=\"margin-top:var(--wp--preset--spacing--60);margin-bottom:var(--wp--preset--spacing--60)\">\n<div class=\"wp-block-column has-light-avocado-background-color has-background is-layout-flow wp-block-column-is-layout-flow\" style=\"padding-top:var(--wp--preset--spacing--30);padding-right:var(--wp--preset--spacing--30);padding-bottom:var(--wp--preset--spacing--30);padding-left:var(--wp--preset--spacing--30)\">\n<h3 class=\"wp-block-heading has-main-foreground-alt-color has-text-color has-large-font-size\">Modalit\u00e9s de travail<\/h3>\n\n\n\n<p class=\"has-small-font-size\" style=\"margin-top:var(--wp--preset--spacing--10)\">Notre environnement de travail flexible s&rsquo;adapte \u00e0 votre style de vie, favorisant le travail \u00e0 domicile et l\u2019\u00e9quilibre entre vos engagements.<\/p>\n<\/div>\n\n\n\n<div class=\"wp-block-column has-light-avocado-background-color has-background is-layout-flow wp-block-column-is-layout-flow\" style=\"padding-top:var(--wp--preset--spacing--30);padding-right:var(--wp--preset--spacing--30);padding-bottom:var(--wp--preset--spacing--30);padding-left:var(--wp--preset--spacing--30)\">\n<h3 class=\"wp-block-heading has-main-foreground-alt-color has-text-color has-large-font-size\">Outils<\/h3>\n\n\n\n<p class=\"has-small-font-size\" style=\"margin-top:var(--wp--preset--spacing--10)\">Nous \u00e9quipons notre \u00e9quipe d&rsquo;une vari\u00e9t\u00e9 d&rsquo;outils de travail \u00e0 domicile qui permettent des flux de travail efficaces et qui permettent un espace de travail virtuel collaboratif.<\/p>\n<\/div>\n\n\n\n<div class=\"wp-block-column has-light-avocado-background-color has-background is-layout-flow wp-block-column-is-layout-flow\" style=\"padding-top:var(--wp--preset--spacing--30);padding-right:var(--wp--preset--spacing--30);padding-bottom:var(--wp--preset--spacing--30);padding-left:var(--wp--preset--spacing--30)\">\n<h3 class=\"wp-block-heading has-main-foreground-alt-color has-text-color has-large-font-size\">R\u00e9mun\u00e9ration comp\u00e9titive<\/h3>\n\n\n\n<p class=\"has-small-font-size\" style=\"margin-top:var(--wp--preset--spacing--10)\">Notre syst\u00e8me de r\u00e9mun\u00e9ration globale est comp\u00e9titif et g\u00e9n\u00e9reux. Chaque employ\u00e9 ou employ\u00e9e est dispos\u00e9 \u00e0 cr\u00e9er un ensemble d&rsquo;avantages adapt\u00e9s \u00e0 ses besoins.<\/p>\n<\/div>\n<\/div>\n\n\n\n<figure class=\"wp-block-image alignfull size-full\"><img loading=\"lazy\" decoding=\"async\" width=\"2560\" height=\"1707\" src=\"https:\/\/newleafperformance.ca\/wp-content\/uploads\/2025\/02\/NewLeafteam-scaled.jpg\" alt=\"\" class=\"wp-image-871\" srcset=\"https:\/\/newleafperformance.ca\/wp-content\/uploads\/2025\/02\/NewLeafteam-scaled.jpg 2560w, https:\/\/newleafperformance.ca\/wp-content\/uploads\/2025\/02\/NewLeafteam-300x200.jpg 300w, https:\/\/newleafperformance.ca\/wp-content\/uploads\/2025\/02\/NewLeafteam-1024x683.jpg 1024w, https:\/\/newleafperformance.ca\/wp-content\/uploads\/2025\/02\/NewLeafteam-768x512.jpg 768w, https:\/\/newleafperformance.ca\/wp-content\/uploads\/2025\/02\/NewLeafteam-1536x1024.jpg 1536w, https:\/\/newleafperformance.ca\/wp-content\/uploads\/2025\/02\/NewLeafteam-2048x1365.jpg 2048w\" sizes=\"auto, (max-width: 2560px) 100vw, 2560px\" \/><\/figure>\n\n\n\n<div class=\"wp-block-group alignwide is-layout-constrained wp-block-group-is-layout-constrained\" id=\"positions-disponibles\" style=\"padding-top:var(--wp--preset--spacing--80);padding-bottom:var(--wp--preset--spacing--60)\">\n<div class=\"wp-block-columns alignwide is-layout-flex wp-container-core-columns-is-layout-783b4be3 wp-block-columns-is-layout-flex\" style=\"margin-bottom:var(--wp--preset--spacing--60)\">\n<div class=\"wp-block-column is-layout-flow wp-block-column-is-layout-flow\" style=\"flex-basis:50%\">\n<div class=\"wp-block-group alignwide is-layout-constrained wp-block-group-is-layout-constrained\">\n<h2 class=\"wp-block-heading alignwide has-h-3-font-size\">Positions disponibles<\/h2>\n\n\n\n<p>Pr\u00eat \u00e0 devenir un Leafer et faire une diff\u00e9rence? Explorez nos positions disponibles et trouvez le r\u00f4le id\u00e9al pour d\u00e9marrer ou \u00e9lever votre carri\u00e8re chez Newleaf Performance.<\/p>\n<\/div>\n<\/div>\n\n\n\n<div class=\"wp-block-column is-layout-flow wp-block-column-is-layout-flow\" style=\"flex-basis:50%\"><\/div>\n<\/div>\n\n\n\n<div class=\"wp-block-query alignwide is-layout-flow wp-block-query-is-layout-flow\"><ul class=\"wp-block-post-template is-layout-flow wp-block-post-template-is-layout-flow\"><li class=\"wp-block-post post-1051 job-posting type-job-posting status-publish hentry\">\n\n<div class=\"wp-block-columns is-layout-flex wp-container-core-columns-is-layout-42746dd6 wp-block-columns-is-layout-flex\" style=\"padding-bottom:var(--wp--preset--spacing--50)\">\n<div class=\"wp-block-column is-layout-flow wp-container-core-column-is-layout-9f77543f wp-block-column-is-layout-flow\" style=\"border-top-color:var(--wp--preset--color--light-grey);border-top-width:1px\"><h3 style=\"padding-top:var(--wp--preset--spacing--40);\" class=\"wp-block-post-title has-h-4-font-size\"><a href=\"https:\/\/newleafperformance.ca\/fr\/carriere\/adjoint-e-administratif-ve-bilingue\/\" target=\"_self\" >Adjoint.e administratif.ve (bilingue)\u00a0<\/a><\/h3><\/div>\n\n\n\n<div class=\"wp-block-column is-layout-flow wp-block-column-is-layout-flow\" style=\"border-top-color:var(--wp--preset--color--light-grey);border-top-width:1px\"><div style=\"padding-top:var(--wp--preset--spacing--40);\" class=\"wp-block-post-excerpt has-small-font-size\"><p class=\"wp-block-post-excerpt__excerpt\">NewLeaf Investigation+ est actuellement \u00e0 la recherche d\u2019un.e adjoint.e administratif-ve bilingue souhaitant acqu\u00e9rir de l\u2019exp\u00e9rience dans le domaine de la r\u00e9solution de conflits. Le candidat soutiendra notre \u00e9quipe de consultants<\/p><p class=\"wp-block-post-excerpt__more-text\"><a class=\"wp-block-post-excerpt__more-link\" href=\"https:\/\/newleafperformance.ca\/fr\/carriere\/adjoint-e-administratif-ve-bilingue\/\"><strong>Learn more about this position<\/strong><\/a><\/p><\/div><\/div>\n<\/div>\n\n<\/li><\/ul>\n\n\n\n<\/div>\n<\/div>\n\n\n\n<div class=\"wp-block-cover alignfull\" style=\"margin-top:0;padding-top:var(--wp--preset--spacing--80);padding-right:var(--wp--preset--spacing--50);padding-bottom:var(--wp--preset--spacing--80);padding-left:var(--wp--preset--spacing--50)\"><span aria-hidden=\"true\" class=\"wp-block-cover__background has-main-foreground-alt-background-color has-background-dim-100 has-background-dim\"><\/span><div class=\"wp-block-cover__inner-container is-layout-flow wp-block-cover-is-layout-flow\">\n<div class=\"wp-block-columns alignwide is-layout-flex wp-container-core-columns-is-layout-557e9d66 wp-block-columns-is-layout-flex\" style=\"margin-top:0;margin-bottom:0\">\n<div class=\"wp-block-column is-layout-constrained wp-container-core-column-is-layout-41c06ba8 wp-block-column-is-layout-constrained\" style=\"flex-basis:100%\">\n<h2 class=\"wp-block-heading has-text-align-center has-avocado-color has-text-color\">Vous ne voyez pas d\u2019opportunit\u00e9 pour vous?<\/h2>\n\n\n\n<p class=\"has-text-align-center has-link-color wp-elements-c3f0b1b98a17c5946e078d0aa68ca1af\" style=\"margin-top:var(--wp--preset--spacing--30);margin-right:0;margin-bottom:0;margin-left:0\">Nous sommes toujours \u00e0 la recherche de talents humanistes et passionn\u00e9s pour faire fleurir l\u2019\u00e9quipe. S\u2019il vous pla\u00eet envoyez-nous votre CV \u00e0  <a href=\"mailto:info@newleafperformance.ca\" target=\"_blank\" rel=\"noreferrer noopener\">info@newleafperformance.ca<\/a>.<\/p>\n\n\n\n<div class=\"wp-block-buttons is-content-justification-center is-layout-flex wp-container-core-buttons-is-layout-d8c0be80 wp-block-buttons-is-layout-flex\" style=\"margin-top:var(--wp--preset--spacing--40)\">\n<div class=\"wp-block-button\"><a class=\"wp-block-button__link has-main-foreground-color has-avocado-background-color has-text-color has-background wp-element-button\" href=\"mailto:info@newleafperformance.ca\">Connectez-vous<\/a><\/div>\n<\/div>\n<\/div>\n<\/div>\n<\/div><\/div>\n","protected":false},"excerpt":{"rendered":"<p>Choisir de faire carri\u00e8re chez NewLeaf, c\u2019est rejoindre une communaut\u00e9 de pratique inclusive et dynamique situ\u00e9e d\u2019un bout \u00e0 l\u2019autre du Canada. C\u2019est prendre part \u00e0 des projets novateurs et [&hellip;]<\/p>\n","protected":false},"author":9,"featured_media":0,"parent":0,"menu_order":0,"comment_status":"closed","ping_status":"closed","template":"","meta":{"footnotes":""},"class_list":["post-453","page","type-page","status-publish","hentry"],"yoast_head":"<!-- This site is optimized with the Yoast SEO plugin v27.4 - https:\/\/yoast.com\/product\/yoast-seo-wordpress\/ -->\n<title>Carri\u00e8re - NewLeaf Performance<\/title>\n<meta name=\"robots\" content=\"index, follow, max-snippet:-1, max-image-preview:large, max-video-preview:-1\" \/>\n<link rel=\"canonical\" href=\"https:\/\/newleafperformance.ca\/fr\/carriere\/\" \/>\n<meta property=\"og:locale\" content=\"fr_FR\" \/>\n<meta property=\"og:type\" content=\"article\" \/>\n<meta property=\"og:title\" content=\"Carri\u00e8re - NewLeaf Performance\" \/>\n<meta property=\"og:description\" content=\"Choisir de faire carri\u00e8re chez NewLeaf, c\u2019est rejoindre une communaut\u00e9 de pratique inclusive et dynamique situ\u00e9e d\u2019un bout \u00e0 l\u2019autre du Canada. C\u2019est prendre part \u00e0 des projets novateurs et [&hellip;]\" \/>\n<meta property=\"og:url\" content=\"https:\/\/newleafperformance.ca\/fr\/carriere\/\" \/>\n<meta property=\"og:site_name\" content=\"NewLeaf Performance\" \/>\n<meta property=\"article:modified_time\" content=\"2025-02-28T17:56:21+00:00\" \/>\n<meta property=\"og:image\" content=\"https:\/\/newleafperformance.ca\/wp-content\/uploads\/2024\/04\/services-hero-1024x846.jpg\" \/>\n<meta name=\"twitter:card\" content=\"summary_large_image\" \/>\n<meta name=\"twitter:label1\" content=\"Dur\u00e9e de lecture estim\u00e9e\" \/>\n\t<meta name=\"twitter:data1\" content=\"2 minutes\" \/>\n<script type=\"application\/ld+json\" class=\"yoast-schema-graph\">{\"@context\":\"https:\\\/\\\/schema.org\",\"@graph\":[{\"@type\":\"WebPage\",\"@id\":\"https:\\\/\\\/newleafperformance.ca\\\/fr\\\/carriere\\\/\",\"url\":\"https:\\\/\\\/newleafperformance.ca\\\/fr\\\/carriere\\\/\",\"name\":\"Carri\u00e8re - NewLeaf Performance\",\"isPartOf\":{\"@id\":\"https:\\\/\\\/newleafperformance.ca\\\/fr\\\/#website\"},\"primaryImageOfPage\":{\"@id\":\"https:\\\/\\\/newleafperformance.ca\\\/fr\\\/carriere\\\/#primaryimage\"},\"image\":{\"@id\":\"https:\\\/\\\/newleafperformance.ca\\\/fr\\\/carriere\\\/#primaryimage\"},\"thumbnailUrl\":\"https:\\\/\\\/newleafperformance.ca\\\/wp-content\\\/uploads\\\/2024\\\/04\\\/services-hero-1024x846.jpg\",\"datePublished\":\"2023-06-13T16:57:47+00:00\",\"dateModified\":\"2025-02-28T17:56:21+00:00\",\"breadcrumb\":{\"@id\":\"https:\\\/\\\/newleafperformance.ca\\\/fr\\\/carriere\\\/#breadcrumb\"},\"inLanguage\":\"fr-FR\",\"potentialAction\":[{\"@type\":\"ReadAction\",\"target\":[\"https:\\\/\\\/newleafperformance.ca\\\/fr\\\/carriere\\\/\"]}]},{\"@type\":\"ImageObject\",\"inLanguage\":\"fr-FR\",\"@id\":\"https:\\\/\\\/newleafperformance.ca\\\/fr\\\/carriere\\\/#primaryimage\",\"url\":\"https:\\\/\\\/newleafperformance.ca\\\/wp-content\\\/uploads\\\/2024\\\/04\\\/services-hero-1024x846.jpg\",\"contentUrl\":\"https:\\\/\\\/newleafperformance.ca\\\/wp-content\\\/uploads\\\/2024\\\/04\\\/services-hero-1024x846.jpg\"},{\"@type\":\"BreadcrumbList\",\"@id\":\"https:\\\/\\\/newleafperformance.ca\\\/fr\\\/carriere\\\/#breadcrumb\",\"itemListElement\":[{\"@type\":\"ListItem\",\"position\":1,\"name\":\"Home\",\"item\":\"https:\\\/\\\/newleafperformance.ca\\\/fr\\\/\"},{\"@type\":\"ListItem\",\"position\":2,\"name\":\"Carri\u00e8re\"}]},{\"@type\":\"WebSite\",\"@id\":\"https:\\\/\\\/newleafperformance.ca\\\/fr\\\/#website\",\"url\":\"https:\\\/\\\/newleafperformance.ca\\\/fr\\\/\",\"name\":\"NewLeaf Performance\",\"description\":\"Canadian owned, Ottawa and Montreal-based, bilingual professional management consultants in the fields of Strategy, Performance, Transformation, Learning, Leadership, and Change Management.  Serving Government, Education, Health and NGOs\",\"publisher\":{\"@id\":\"https:\\\/\\\/newleafperformance.ca\\\/fr\\\/#organization\"},\"potentialAction\":[{\"@type\":\"SearchAction\",\"target\":{\"@type\":\"EntryPoint\",\"urlTemplate\":\"https:\\\/\\\/newleafperformance.ca\\\/fr\\\/?s={search_term_string}\"},\"query-input\":{\"@type\":\"PropertyValueSpecification\",\"valueRequired\":true,\"valueName\":\"search_term_string\"}}],\"inLanguage\":\"fr-FR\"},{\"@type\":\"Organization\",\"@id\":\"https:\\\/\\\/newleafperformance.ca\\\/fr\\\/#organization\",\"name\":\"NewLeaf Performance\",\"url\":\"https:\\\/\\\/newleafperformance.ca\\\/fr\\\/\",\"logo\":{\"@type\":\"ImageObject\",\"inLanguage\":\"fr-FR\",\"@id\":\"https:\\\/\\\/newleafperformance.ca\\\/fr\\\/#\\\/schema\\\/logo\\\/image\\\/\",\"url\":\"https:\\\/\\\/newleafperformance.ca\\\/wp-content\\\/uploads\\\/2022\\\/12\\\/nlp_logo2021_rgb_hori.svg\",\"contentUrl\":\"https:\\\/\\\/newleafperformance.ca\\\/wp-content\\\/uploads\\\/2022\\\/12\\\/nlp_logo2021_rgb_hori.svg\",\"width\":375,\"height\":103,\"caption\":\"NewLeaf Performance\"},\"image\":{\"@id\":\"https:\\\/\\\/newleafperformance.ca\\\/fr\\\/#\\\/schema\\\/logo\\\/image\\\/\"}}]}<\/script>\n<!-- \/ Yoast SEO plugin. -->","yoast_head_json":{"title":"Carri\u00e8re - NewLeaf Performance","robots":{"index":"index","follow":"follow","max-snippet":"max-snippet:-1","max-image-preview":"max-image-preview:large","max-video-preview":"max-video-preview:-1"},"canonical":"https:\/\/newleafperformance.ca\/fr\/carriere\/","og_locale":"fr_FR","og_type":"article","og_title":"Carri\u00e8re - NewLeaf Performance","og_description":"Choisir de faire carri\u00e8re chez NewLeaf, c\u2019est rejoindre une communaut\u00e9 de pratique inclusive et dynamique situ\u00e9e d\u2019un bout \u00e0 l\u2019autre du Canada. C\u2019est prendre part \u00e0 des projets novateurs et [&hellip;]","og_url":"https:\/\/newleafperformance.ca\/fr\/carriere\/","og_site_name":"NewLeaf Performance","article_modified_time":"2025-02-28T17:56:21+00:00","og_image":[{"url":"https:\/\/newleafperformance.ca\/wp-content\/uploads\/2024\/04\/services-hero-1024x846.jpg","type":"","width":"","height":""}],"twitter_card":"summary_large_image","twitter_misc":{"Dur\u00e9e de lecture estim\u00e9e":"2 minutes"},"schema":{"@context":"https:\/\/schema.org","@graph":[{"@type":"WebPage","@id":"https:\/\/newleafperformance.ca\/fr\/carriere\/","url":"https:\/\/newleafperformance.ca\/fr\/carriere\/","name":"Carri\u00e8re - NewLeaf Performance","isPartOf":{"@id":"https:\/\/newleafperformance.ca\/fr\/#website"},"primaryImageOfPage":{"@id":"https:\/\/newleafperformance.ca\/fr\/carriere\/#primaryimage"},"image":{"@id":"https:\/\/newleafperformance.ca\/fr\/carriere\/#primaryimage"},"thumbnailUrl":"https:\/\/newleafperformance.ca\/wp-content\/uploads\/2024\/04\/services-hero-1024x846.jpg","datePublished":"2023-06-13T16:57:47+00:00","dateModified":"2025-02-28T17:56:21+00:00","breadcrumb":{"@id":"https:\/\/newleafperformance.ca\/fr\/carriere\/#breadcrumb"},"inLanguage":"fr-FR","potentialAction":[{"@type":"ReadAction","target":["https:\/\/newleafperformance.ca\/fr\/carriere\/"]}]},{"@type":"ImageObject","inLanguage":"fr-FR","@id":"https:\/\/newleafperformance.ca\/fr\/carriere\/#primaryimage","url":"https:\/\/newleafperformance.ca\/wp-content\/uploads\/2024\/04\/services-hero-1024x846.jpg","contentUrl":"https:\/\/newleafperformance.ca\/wp-content\/uploads\/2024\/04\/services-hero-1024x846.jpg"},{"@type":"BreadcrumbList","@id":"https:\/\/newleafperformance.ca\/fr\/carriere\/#breadcrumb","itemListElement":[{"@type":"ListItem","position":1,"name":"Home","item":"https:\/\/newleafperformance.ca\/fr\/"},{"@type":"ListItem","position":2,"name":"Carri\u00e8re"}]},{"@type":"WebSite","@id":"https:\/\/newleafperformance.ca\/fr\/#website","url":"https:\/\/newleafperformance.ca\/fr\/","name":"NewLeaf Performance","description":"Canadian owned, Ottawa and Montreal-based, bilingual professional management consultants in the fields of Strategy, Performance, Transformation, Learning, Leadership, and Change Management.  Serving Government, Education, Health and NGOs","publisher":{"@id":"https:\/\/newleafperformance.ca\/fr\/#organization"},"potentialAction":[{"@type":"SearchAction","target":{"@type":"EntryPoint","urlTemplate":"https:\/\/newleafperformance.ca\/fr\/?s={search_term_string}"},"query-input":{"@type":"PropertyValueSpecification","valueRequired":true,"valueName":"search_term_string"}}],"inLanguage":"fr-FR"},{"@type":"Organization","@id":"https:\/\/newleafperformance.ca\/fr\/#organization","name":"NewLeaf Performance","url":"https:\/\/newleafperformance.ca\/fr\/","logo":{"@type":"ImageObject","inLanguage":"fr-FR","@id":"https:\/\/newleafperformance.ca\/fr\/#\/schema\/logo\/image\/","url":"https:\/\/newleafperformance.ca\/wp-content\/uploads\/2022\/12\/nlp_logo2021_rgb_hori.svg","contentUrl":"https:\/\/newleafperformance.ca\/wp-content\/uploads\/2022\/12\/nlp_logo2021_rgb_hori.svg","width":375,"height":103,"caption":"NewLeaf Performance"},"image":{"@id":"https:\/\/newleafperformance.ca\/fr\/#\/schema\/logo\/image\/"}}]}},"_links":{"self":[{"href":"https:\/\/newleafperformance.ca\/fr\/wp-json\/wp\/v2\/pages\/453","targetHints":{"allow":["GET"]}}],"collection":[{"href":"https:\/\/newleafperformance.ca\/fr\/wp-json\/wp\/v2\/pages"}],"about":[{"href":"https:\/\/newleafperformance.ca\/fr\/wp-json\/wp\/v2\/types\/page"}],"author":[{"embeddable":true,"href":"https:\/\/newleafperformance.ca\/fr\/wp-json\/wp\/v2\/users\/9"}],"replies":[{"embeddable":true,"href":"https:\/\/newleafperformance.ca\/fr\/wp-json\/wp\/v2\/comments?post=453"}],"version-history":[{"count":2,"href":"https:\/\/newleafperformance.ca\/fr\/wp-json\/wp\/v2\/pages\/453\/revisions"}],"predecessor-version":[{"id":875,"href":"https:\/\/newleafperformance.ca\/fr\/wp-json\/wp\/v2\/pages\/453\/revisions\/875"}],"wp:attachment":[{"href":"https:\/\/newleafperformance.ca\/fr\/wp-json\/wp\/v2\/media?parent=453"}],"curies":[{"name":"wp","href":"https:\/\/api.w.org\/{rel}","templated":true}]}}